{"id":100,"date":"2018-08-17T11:09:45","date_gmt":"2018-08-17T09:09:45","guid":{"rendered":"https:\/\/www.fischundwollmarkt.de\/?page_id=100"},"modified":"2018-08-22T17:40:19","modified_gmt":"2018-08-22T15:40:19","slug":"ueber-uns","status":"publish","type":"page","link":"https:\/\/www.fischundwollmarkt.de\/index.php\/ueber-uns\/","title":{"rendered":"\u00dcber uns"},"content":{"rendered":"<p>Wir sind der Verein der Hiddenseer Kutterfischer e.V.<\/p>\n<p>Zweck unseres Vereins ist die St\u00e4rkung und F\u00f6rderung der nachhaltigen Kutterfischerei in den k\u00fcstennahen Gew\u00e4ssern der Insel Hiddensee.<\/p>\n<p>Insbesondere die Fischer mit Fischerbooten Hiddenseer Kennung sollen durch Marketing-, PR- und Netzwerkaktivit\u00e4ten auf regionaler und \u00fcberregionaler Ebene unterst\u00fctzt werden, damit das Berufsbild des K\u00fcstenfischers auch in Zukunft erhalten bleibt.<\/p>\n<p>Mitglieder unseres Vereins sind aktive K\u00fcstenfischer von Hiddensee und Freunde unseres Anliegens. Im Vorstand engagiert ist der Gastronom und Landwirt Mathias Schilling von der Insel \u00d6he, der sich schon seit Jahren f\u00fcr den Erhalt der K\u00fcstenfischerei engagiert.<\/p>\n<p>Zu seinem Engagement geh\u00f6rt auch die Entwicklung einer hochwertigen Fischkonservenkollektion unter der Marke Hiddenseer Kutterfisch.<\/p>\n<p><a href=\"http:\/\/www.hiddenseer-kutterfisch.de\">www.hiddenseer-kutterfisch.de<\/a><\/p>\n<p><img loading=\"lazy\" decoding=\"async\" class=\"alignnone wp-image-76\" src=\"https:\/\/www.fischundwollmarkt.de\/wp-content\/uploads\/2018\/08\/170A8939-300x200.jpg\" alt=\"\" width=\"416\" height=\"277\" srcset=\"https:\/\/www.fischundwollmarkt.de\/wp-content\/uploads\/2018\/08\/170A8939-300x200.jpg 300w, https:\/\/www.fischundwollmarkt.de\/wp-content\/uploads\/2018\/08\/170A8939-768x512.jpg 768w, https:\/\/www.fischundwollmarkt.de\/wp-content\/uploads\/2018\/08\/170A8939-1024x683.jpg 1024w\" sizes=\"auto, (max-width: 416px) 100vw, 416px\" \/><img loading=\"lazy\" decoding=\"async\" class=\"alignnone wp-image-181\" src=\"https:\/\/www.fischundwollmarkt.de\/wp-content\/uploads\/2018\/08\/170A1978-200x300.jpg\" alt=\"\" width=\"185\" height=\"277\" srcset=\"https:\/\/www.fischundwollmarkt.de\/wp-content\/uploads\/2018\/08\/170A1978-200x300.jpg 200w, https:\/\/www.fischundwollmarkt.de\/wp-content\/uploads\/2018\/08\/170A1978-768x1152.jpg 768w, https:\/\/www.fischundwollmarkt.de\/wp-content\/uploads\/2018\/08\/170A1978-683x1024.jpg 683w, https:\/\/www.fischundwollmarkt.de\/wp-content\/uploads\/2018\/08\/170A1978.jpg 1417w\" sizes=\"auto, (max-width: 185px) 100vw, 185px\" \/> <img loading=\"lazy\" decoding=\"async\" class=\"alignnone wp-image-182\" src=\"https:\/\/www.fischundwollmarkt.de\/wp-content\/uploads\/2018\/08\/HiddenseerKutterfisch_LogoNeu-300x282.jpg\" alt=\"\" width=\"300\" height=\"282\" srcset=\"https:\/\/www.fischundwollmarkt.de\/wp-content\/uploads\/2018\/08\/HiddenseerKutterfisch_LogoNeu-300x282.jpg 300w, https:\/\/www.fischundwollmarkt.de\/wp-content\/uploads\/2018\/08\/HiddenseerKutterfisch_LogoNeu.jpg 715w\" sizes=\"auto, (max-width: 300px) 100vw, 300px\" \/><\/p>\n<p>&nbsp;<\/p>\n<p>Das Projekt wird gef\u00f6rdert von<\/p>\n<p><img loading=\"lazy\" decoding=\"async\" class=\"alignnone size-medium wp-image-212\" src=\"https:\/\/www.fischundwollmarkt.de\/wp-content\/uploads\/2018\/08\/Compound-logo-with-with-ERDF-print.tif\" alt=\"\" width=\"1\" height=\"1\" \/><\/p>\n<p><img loading=\"lazy\" decoding=\"async\" class=\"alignnone size-medium wp-image-208\" src=\"https:\/\/www.fischundwollmarkt.de\/wp-content\/uploads\/2018\/08\/Compound-logo-with-with-ERDF-screen-300x61.jpg\" alt=\"\" width=\"300\" height=\"61\" srcset=\"https:\/\/www.fischundwollmarkt.de\/wp-content\/uploads\/2018\/08\/Compound-logo-with-with-ERDF-screen-300x61.jpg 300w, https:\/\/www.fischundwollmarkt.de\/wp-content\/uploads\/2018\/08\/Compound-logo-with-with-ERDF-screen-768x156.jpg 768w, https:\/\/www.fischundwollmarkt.de\/wp-content\/uploads\/2018\/08\/Compound-logo-with-with-ERDF-screen-1024x208.jpg 1024w, https:\/\/www.fischundwollmarkt.de\/wp-content\/uploads\/2018\/08\/Compound-logo-with-with-ERDF-screen.jpg 1518w\" sizes=\"auto, (max-width: 300px) 100vw, 300px\" \/><\/p>\n","protected":false},"excerpt":{"rendered":"<p>Wir sind der Verein der Hiddenseer Kutterfischer e.V. Zweck unseres Vereins ist die St\u00e4rkung und F\u00f6rderung der nachhaltigen Kutterfischerei in den k\u00fcstennahen Gew\u00e4ssern der Insel Hiddensee. Insbesondere die Fischer mit&hellip; <\/p>\n","protected":false},"author":1,"featured_media":0,"parent":0,"menu_order":0,"comment_status":"closed","ping_status":"closed","template":"","meta":{"footnotes":""},"class_list":["post-100","page","type-page","status-publish","hentry"],"_links":{"self":[{"href":"https:\/\/www.fischundwollmarkt.de\/index.php\/wp-json\/wp\/v2\/pages\/100","targetHints":{"allow":["GET"]}}],"collection":[{"href":"https:\/\/www.fischundwollmarkt.de\/index.php\/wp-json\/wp\/v2\/pages"}],"about":[{"href":"https:\/\/www.fischundwollmarkt.de\/index.php\/wp-json\/wp\/v2\/types\/page"}],"author":[{"embeddable":true,"href":"https:\/\/www.fischundwollmarkt.de\/index.php\/wp-json\/wp\/v2\/users\/1"}],"replies":[{"embeddable":true,"href":"https:\/\/www.fischundwollmarkt.de\/index.php\/wp-json\/wp\/v2\/comments?post=100"}],"version-history":[{"count":8,"href":"https:\/\/www.fischundwollmarkt.de\/index.php\/wp-json\/wp\/v2\/pages\/100\/revisions"}],"predecessor-version":[{"id":213,"href":"https:\/\/www.fischundwollmarkt.de\/index.php\/wp-json\/wp\/v2\/pages\/100\/revisions\/213"}],"wp:attachment":[{"href":"https:\/\/www.fischundwollmarkt.de\/index.php\/wp-json\/wp\/v2\/media?parent=100"}],"curies":[{"name":"wp","href":"https:\/\/api.w.org\/{rel}","templated":true}]}}