{"id":101,"date":"2018-08-17T11:09:45","date_gmt":"2018-08-17T09:09:45","guid":{"rendered":"https:\/\/www.fischundwollmarkt.de\/?page_id=101"},"modified":"2019-05-13T17:44:30","modified_gmt":"2019-05-13T15:44:30","slug":"idee","status":"publish","type":"page","link":"https:\/\/www.fischundwollmarkt.de\/index.php\/idee\/","title":{"rendered":"Idee"},"content":{"rendered":"<h4><strong>Fischer und Sch\u00e4fer<\/strong><\/h4>\n<p>Fischer und Sch\u00e4fer gehen seit Jahrhunderten an der Ostseek\u00fcste ihren Berufen nach und haben das Landschaftsbild von K\u00fcste und Weide nachhaltig gepr\u00e4gt. \u00a0Beide Berufe haben viel gemeinsam, denn sie sind aufs engste mit der Natur und dem Tierbestand verwoben.<\/p>\n<h4><strong>Fische und Schafe<\/strong><\/h4>\n<p>Der Hering ist ein kleiner Fisch mit einer riesengro\u00dfen Geschichte. Dem &#8222;Silber des Meeres&#8220; verdankte die Hanse ihren Aufstieg, ihr Gold und ihre Macht, denn der durch Salz und Rauch haltbar gemachte Fisch war seit dem Mittelalter der Exportschlager der Ostseeregion.<\/p>\n<p>Was dem Fischer sein Hering, war dem Sch\u00e4fer in Pommern das Rauhwollige Pommersche Landschaf. Fleisch und Milch n\u00e4hrten die Menschen und aus der grauen Wolle der Schafe entstand robuste wetterabweisende Bekleidung, die besonders bei den Fischern beliebt war.<\/p>\n<h4><strong>Erhalten und St\u00e4rken<\/strong><\/h4>\n<p>Beide Berufe und beide Tierbest\u00e4nde sind aus vielschichtigen Gr\u00fcnden gef\u00e4hrdet. Das finden wir mehr als schade und m\u00f6chten uns f\u00fcr den Erhalt engagieren. Doch was kann man tun? Information ist wichtig. Aber man muss vor allem die regionale Wirtschaft unterst\u00fctzen, die noch nachhaltig und handwerklich von den Fischen und Schafen lebt. Deswegen haben wir einen neuen Markt ins Leben gerufen:<\/p>\n<p>Der Fisch- und Wollmarkt im Hafen von Schaprode\u00a0soll das regionale Fischerhandwerk und die traditionelle Schafhaltung auf R\u00fcgen und Hiddensee zelebrieren, st\u00e4rken und erhalten.<\/p>\n<p>&nbsp;<\/p>\n<p><img loading=\"lazy\" decoding=\"async\" class=\"alignnone size-medium wp-image-86\" src=\"https:\/\/www.fischundwollmarkt.de\/wp-content\/uploads\/2018\/08\/IMG_3991-200x300.jpg\" alt=\"\" width=\"200\" height=\"300\" srcset=\"https:\/\/www.fischundwollmarkt.de\/wp-content\/uploads\/2018\/08\/IMG_3991-200x300.jpg 200w, https:\/\/www.fischundwollmarkt.de\/wp-content\/uploads\/2018\/08\/IMG_3991-768x1152.jpg 768w, https:\/\/www.fischundwollmarkt.de\/wp-content\/uploads\/2018\/08\/IMG_3991-683x1024.jpg 683w\" sizes=\"auto, (max-width: 200px) 100vw, 200px\" \/><img loading=\"lazy\" decoding=\"async\" class=\"alignnone size-medium wp-image-75\" src=\"https:\/\/www.fischundwollmarkt.de\/wp-content\/uploads\/2018\/08\/4546-300x300.jpg\" alt=\"\" width=\"300\" height=\"300\" srcset=\"https:\/\/www.fischundwollmarkt.de\/wp-content\/uploads\/2018\/08\/4546-300x300.jpg 300w, https:\/\/www.fischundwollmarkt.de\/wp-content\/uploads\/2018\/08\/4546-150x150.jpg 150w, https:\/\/www.fischundwollmarkt.de\/wp-content\/uploads\/2018\/08\/4546-768x768.jpg 768w, https:\/\/www.fischundwollmarkt.de\/wp-content\/uploads\/2018\/08\/4546-1024x1024.jpg 1024w, https:\/\/www.fischundwollmarkt.de\/wp-content\/uploads\/2018\/08\/4546.jpg 1464w\" sizes=\"auto, (max-width: 300px) 100vw, 300px\" \/><img loading=\"lazy\" decoding=\"async\" class=\"alignnone wp-image-155\" src=\"https:\/\/www.fischundwollmarkt.de\/wp-content\/uploads\/2018\/08\/KonserveB\u00fcckling-300x162.png\" alt=\"\" width=\"498\" height=\"269\" srcset=\"https:\/\/www.fischundwollmarkt.de\/wp-content\/uploads\/2018\/08\/KonserveB\u00fcckling-300x162.png 300w, https:\/\/www.fischundwollmarkt.de\/wp-content\/uploads\/2018\/08\/KonserveB\u00fcckling-768x415.png 768w, https:\/\/www.fischundwollmarkt.de\/wp-content\/uploads\/2018\/08\/KonserveB\u00fcckling.png 939w\" sizes=\"auto, (max-width: 498px) 100vw, 498px\" \/><\/p>\n","protected":false},"excerpt":{"rendered":"<p>Fischer und Sch\u00e4fer Fischer und Sch\u00e4fer gehen seit Jahrhunderten an der Ostseek\u00fcste ihren Berufen nach und haben das Landschaftsbild von K\u00fcste und Weide nachhaltig gepr\u00e4gt. \u00a0Beide Berufe haben viel gemeinsam,&hellip; <\/p>\n","protected":false},"author":1,"featured_media":86,"parent":0,"menu_order":0,"comment_status":"closed","ping_status":"closed","template":"","meta":{"footnotes":""},"class_list":["post-101","page","type-page","status-publish","has-post-thumbnail","hentry"],"_links":{"self":[{"href":"https:\/\/www.fischundwollmarkt.de\/index.php\/wp-json\/wp\/v2\/pages\/101","targetHints":{"allow":["GET"]}}],"collection":[{"href":"https:\/\/www.fischundwollmarkt.de\/index.php\/wp-json\/wp\/v2\/pages"}],"about":[{"href":"https:\/\/www.fischundwollmarkt.de\/index.php\/wp-json\/wp\/v2\/types\/page"}],"author":[{"embeddable":true,"href":"https:\/\/www.fischundwollmarkt.de\/index.php\/wp-json\/wp\/v2\/users\/1"}],"replies":[{"embeddable":true,"href":"https:\/\/www.fischundwollmarkt.de\/index.php\/wp-json\/wp\/v2\/comments?post=101"}],"version-history":[{"count":9,"href":"https:\/\/www.fischundwollmarkt.de\/index.php\/wp-json\/wp\/v2\/pages\/101\/revisions"}],"predecessor-version":[{"id":483,"href":"https:\/\/www.fischundwollmarkt.de\/index.php\/wp-json\/wp\/v2\/pages\/101\/revisions\/483"}],"wp:featuredmedia":[{"embeddable":true,"href":"https:\/\/www.fischundwollmarkt.de\/index.php\/wp-json\/wp\/v2\/media\/86"}],"wp:attachment":[{"href":"https:\/\/www.fischundwollmarkt.de\/index.php\/wp-json\/wp\/v2\/media?parent=101"}],"curies":[{"name":"wp","href":"https:\/\/api.w.org\/{rel}","templated":true}]}}