{"id":158,"date":"2018-08-17T13:26:27","date_gmt":"2018-08-17T11:26:27","guid":{"rendered":"https:\/\/www.fischundwollmarkt.de\/?page_id=158"},"modified":"2025-08-21T11:21:56","modified_gmt":"2025-08-21T09:21:56","slug":"startseite-2","status":"publish","type":"page","link":"https:\/\/www.fischundwollmarkt.de\/","title":{"rendered":"Ank\u00fcndigung Fisch &amp; Wollmarkt 2025!"},"content":{"rendered":"\n<p><\/p>\n\n\n\n<p>Direkt im Hafen vom kleinen Fischerort Schaprode in d<span style=\"font-size: 1.4rem;\">er Region West-R\u00fcgen findet \u00a0im September 2025 der 5. Fisch &amp; Wollmarkt statt. Genauer gesagt am Samstag den 20.09.2025.<\/span><\/p>\n\n\n\n<p>An dem Tag erwartet sie ein kleiner, aber feiner Genussmarkt mit Spezialit\u00e4ten und Produkten von Fisch und Schaf.&nbsp;Gastronomen und Produzenten aus der Region zeigen, was sie k\u00f6nnen und bieten Leckeres, Gutes und Sch\u00f6nes zum Probieren, Genie\u00dfen &nbsp;und Kaufen.<\/p>\n\n\n\n<p>Die Fischer landen ihren Fang an, der auf dem Markt frisch zubereitet wird. Kaufen kann man den frischen Fisch nat\u00fcrlich auch.&nbsp;Ein Sch\u00e4fer bringt seine Schafe mit und erz\u00e4hlt von seinem Beruf.<\/p>\n\n\n\n<p>Ein buntes und fr\u00f6hliches Programm mit Musik, Kochvorf\u00fchrungen und Mitmachgelegenheiten f\u00fcr Gro\u00df und Klein findet auf der B\u00fchne und im Festzelt statt.<\/p>\n\n\n\n<p>Wir freuen uns \u00fcber Zuschriften interessierte H\u00e4ndler, Musiker und Aussteller.!<\/p>\n\n\n\n<p>F\u00fcr alle anderen gilt: SAVE THE DATE f\u00fcr ein sch\u00f6nes Wochenende im Westen der Insel R\u00fcgen.<\/p>\n\n\n\n<figure class=\"wp-block-image\"><img loading=\"lazy\" decoding=\"async\" width=\"200\" height=\"300\" src=\"https:\/\/www.fischundwollmarkt.de\/wp-content\/uploads\/2018\/08\/IMG_3991-200x300.jpg\" alt=\"\" class=\"wp-image-86\" srcset=\"https:\/\/www.fischundwollmarkt.de\/wp-content\/uploads\/2018\/08\/IMG_3991-200x300.jpg 200w, https:\/\/www.fischundwollmarkt.de\/wp-content\/uploads\/2018\/08\/IMG_3991-768x1152.jpg 768w, https:\/\/www.fischundwollmarkt.de\/wp-content\/uploads\/2018\/08\/IMG_3991-683x1024.jpg 683w\" sizes=\"auto, (max-width: 200px) 100vw, 200px\" \/><\/figure>\n\n\n\n<figure class=\"wp-block-image\"><img loading=\"lazy\" decoding=\"async\" width=\"300\" height=\"300\" src=\"https:\/\/www.fischundwollmarkt.de\/wp-content\/uploads\/2018\/08\/4546-300x300.jpg\" alt=\"\" class=\"wp-image-75\" srcset=\"https:\/\/www.fischundwollmarkt.de\/wp-content\/uploads\/2018\/08\/4546-300x300.jpg 300w, https:\/\/www.fischundwollmarkt.de\/wp-content\/uploads\/2018\/08\/4546-150x150.jpg 150w, https:\/\/www.fischundwollmarkt.de\/wp-content\/uploads\/2018\/08\/4546-768x768.jpg 768w, https:\/\/www.fischundwollmarkt.de\/wp-content\/uploads\/2018\/08\/4546-1024x1024.jpg 1024w, https:\/\/www.fischundwollmarkt.de\/wp-content\/uploads\/2018\/08\/4546.jpg 1464w\" sizes=\"auto, (max-width: 300px) 100vw, 300px\" \/><\/figure>\n\n\n\n<figure class=\"wp-block-image\"><img loading=\"lazy\" decoding=\"async\" width=\"200\" height=\"300\" src=\"https:\/\/www.fischundwollmarkt.de\/wp-content\/uploads\/2018\/08\/170A5091-200x300.jpg\" alt=\"\" class=\"wp-image-150\" srcset=\"https:\/\/www.fischundwollmarkt.de\/wp-content\/uploads\/2018\/08\/170A5091-200x300.jpg 200w, https:\/\/www.fischundwollmarkt.de\/wp-content\/uploads\/2018\/08\/170A5091-768x1152.jpg 768w, https:\/\/www.fischundwollmarkt.de\/wp-content\/uploads\/2018\/08\/170A5091-683x1024.jpg 683w, https:\/\/www.fischundwollmarkt.de\/wp-content\/uploads\/2018\/08\/170A5091.jpg 1417w\" sizes=\"auto, (max-width: 200px) 100vw, 200px\" \/><\/figure>\n\n\n\n<figure class=\"wp-block-image\"><img loading=\"lazy\" decoding=\"async\" width=\"200\" height=\"300\" src=\"https:\/\/www.fischundwollmarkt.de\/wp-content\/uploads\/2018\/08\/7015-200x300.jpg\" alt=\"\" class=\"wp-image-194\" srcset=\"https:\/\/www.fischundwollmarkt.de\/wp-content\/uploads\/2018\/08\/7015-200x300.jpg 200w, https:\/\/www.fischundwollmarkt.de\/wp-content\/uploads\/2018\/08\/7015-768x1152.jpg 768w, https:\/\/www.fischundwollmarkt.de\/wp-content\/uploads\/2018\/08\/7015-683x1024.jpg 683w\" sizes=\"auto, (max-width: 200px) 100vw, 200px\" \/><\/figure>\n\n\n\n<p><\/p>\n","protected":false},"excerpt":{"rendered":"<p>Direkt im Hafen vom kleinen Fischerort Schaprode in der Region West-R\u00fcgen findet \u00a0im September 2025 der 5. Fisch &amp; Wollmarkt statt. Genauer gesagt am Samstag den 20.09.2025. An dem Tag&hellip; <\/p>\n","protected":false},"author":1,"featured_media":607,"parent":0,"menu_order":0,"comment_status":"closed","ping_status":"closed","template":"template-slider.php","meta":{"footnotes":""},"class_list":["post-158","page","type-page","status-publish","has-post-thumbnail","hentry"],"_links":{"self":[{"href":"https:\/\/www.fischundwollmarkt.de\/index.php\/wp-json\/wp\/v2\/pages\/158","targetHints":{"allow":["GET"]}}],"collection":[{"href":"https:\/\/www.fischundwollmarkt.de\/index.php\/wp-json\/wp\/v2\/pages"}],"about":[{"href":"https:\/\/www.fischundwollmarkt.de\/index.php\/wp-json\/wp\/v2\/types\/page"}],"author":[{"embeddable":true,"href":"https:\/\/www.fischundwollmarkt.de\/index.php\/wp-json\/wp\/v2\/users\/1"}],"replies":[{"embeddable":true,"href":"https:\/\/www.fischundwollmarkt.de\/index.php\/wp-json\/wp\/v2\/comments?post=158"}],"version-history":[{"count":14,"href":"https:\/\/www.fischundwollmarkt.de\/index.php\/wp-json\/wp\/v2\/pages\/158\/revisions"}],"predecessor-version":[{"id":599,"href":"https:\/\/www.fischundwollmarkt.de\/index.php\/wp-json\/wp\/v2\/pages\/158\/revisions\/599"}],"wp:featuredmedia":[{"embeddable":true,"href":"https:\/\/www.fischundwollmarkt.de\/index.php\/wp-json\/wp\/v2\/media\/607"}],"wp:attachment":[{"href":"https:\/\/www.fischundwollmarkt.de\/index.php\/wp-json\/wp\/v2\/media?parent=158"}],"curies":[{"name":"wp","href":"https:\/\/api.w.org\/{rel}","templated":true}]}}